{"id":5,"date":"2009-02-02T13:49:06","date_gmt":"2009-02-02T12:49:06","guid":{"rendered":"http:\/\/www.slowboy.de\/sb\/?page_id=5"},"modified":"2025-03-12T17:43:03","modified_gmt":"2025-03-12T16:43:03","slug":"impressum","status":"publish","type":"page","link":"https:\/\/www.slowboyrecords.com\/?page_id=5","title":{"rendered":"IMPRINT"},"content":{"rendered":"\n<p>SLOWBOY RECORDS<br>Andreas Ziegler<br>Den Haag<\/p>\n\n\n\n<p>Inhaltlich Verantwortlicher gem\u00e4\u00df \u00a7 10 Absatz 3 MDStV: Slowboy (Anschrift wie oben)<\/p>\n\n\n\n<p>Haftungshinweis: Trotz sorgf\u00e4ltiger inhaltlicher Kontrolle \u00fcbernehmen wir keine Haftung f\u00fcr die Inhalte externer Links. F\u00fcr den Inhalt der verlinkten Seiten sind ausschlie\u00dflich deren Betreiber verantwortlich. Des weiteren beh\u00e4lt sich slowboy das Recht vor, an den bereitgestellten Informationen \u00c4nderungen oder Erg\u00e4nzungen vorzunehmen. Inhalt und Struktur der slowboy-Website sind urheberrechtlich gesch\u00fctzt. Die Vervielf\u00e4ltigung von Informationen oder Daten, insbesondere die Verwendung von Texten, Textteilen oder Bildmaterial bedarf der vorherigen Zustimmung durch slowboy.<\/p>\n\n\n\n<p><\/p>\n","protected":false},"excerpt":{"rendered":"<p>SLOWBOY RECORDSAndreas ZieglerDen Haag Inhaltlich Verantwortlicher gem\u00e4\u00df \u00a7 10 Absatz 3 MDStV: Slowboy (Anschrift wie oben) Haftungshinweis: Trotz sorgf\u00e4ltiger inhaltlicher Kontrolle \u00fcbernehmen wir keine Haftung f\u00fcr die Inhalte externer Links. F\u00fcr den Inhalt der verlinkten Seiten sind ausschlie\u00dflich deren Betreiber verantwortlich. Des weiteren beh\u00e4lt sich slowboy das Recht vor, an den bereitgestellten Informationen \u00c4nderungen oder &#8230; <a title=\"IMPRINT\" class=\"read-more\" href=\"https:\/\/www.slowboyrecords.com\/?page_id=5\" aria-label=\"Mehr Informationen \u00fcber IMPRINT\">Weiterlesen<\/a><\/p>\n","protected":false},"author":1,"featured_media":0,"parent":0,"menu_order":4,"comment_status":"closed","ping_status":"closed","template":"","meta":{"footnotes":""},"class_list":["post-5","page","type-page","status-publish"],"_links":{"self":[{"href":"https:\/\/www.slowboyrecords.com\/index.php?rest_route=\/wp\/v2\/pages\/5","targetHints":{"allow":["GET"]}}],"collection":[{"href":"https:\/\/www.slowboyrecords.com\/index.php?rest_route=\/wp\/v2\/pages"}],"about":[{"href":"https:\/\/www.slowboyrecords.com\/index.php?rest_route=\/wp\/v2\/types\/page"}],"author":[{"embeddable":true,"href":"https:\/\/www.slowboyrecords.com\/index.php?rest_route=\/wp\/v2\/users\/1"}],"replies":[{"embeddable":true,"href":"https:\/\/www.slowboyrecords.com\/index.php?rest_route=%2Fwp%2Fv2%2Fcomments&post=5"}],"version-history":[{"count":12,"href":"https:\/\/www.slowboyrecords.com\/index.php?rest_route=\/wp\/v2\/pages\/5\/revisions"}],"predecessor-version":[{"id":2981,"href":"https:\/\/www.slowboyrecords.com\/index.php?rest_route=\/wp\/v2\/pages\/5\/revisions\/2981"}],"wp:attachment":[{"href":"https:\/\/www.slowboyrecords.com\/index.php?rest_route=%2Fwp%2Fv2%2Fmedia&parent=5"}],"curies":[{"name":"wp","href":"https:\/\/api.w.org\/{rel}","templated":true}]}}