{"id":104,"date":"2009-02-16T18:27:23","date_gmt":"2009-02-16T17:27:23","guid":{"rendered":"http:\/\/www.slowboy.de\/sb\/?page_id=104"},"modified":"2025-03-13T09:35:10","modified_gmt":"2025-03-13T08:35:10","slug":"about","status":"publish","type":"page","link":"https:\/\/www.slowboyrecords.com\/?page_id=104","title":{"rendered":"ABOUT"},"content":{"rendered":"\n<p>The desire to make records himself was overwhelming. So the SLOWBOY label was founded in 1999. Our aim is to distribute music that we like in the old-fashioned way \u2013 on vinyl. Since we like to look at records, we also put a lot of effort into the design and processing. In 2007-2016 we added a gallery space in D\u00fcsseldorf, with exhibitions and concerts. Now the label is located in The Hague.<\/p>\n\n\n\n<p>Der Wunsch Platten selber zu machen, war \u00fcberm\u00e4chtig. So wurde im Jahre 1999 das Label SLOWBOY gegr\u00fcndet. Unser Vorsatz ist Musik zu verbreiten, die wir m\u00f6gen und das auf althergebrachte Weise &#8211; dem Vinyl. Da wir Schallplatten gerne anschauen, geben wir uns auch gr\u00f6\u00dfte M\u00fche bei der Gestaltung und Verarbeitung. 2007\u20132016 kam ein&nbsp;Galerieraum&nbsp;in D\u00fcsseldorf hinzu, mit Ausstellungen und Konzerten. Nun befindet sich das Label in Den Haag.<\/p>\n\n\n\n<p>Sale via Discogs-Seller&nbsp;<a href=\"https:\/\/www.discogs.com\/seller\/Slowboy-Records\/profile\">&#8211;&gt; discogs<\/a><\/p>\n\n\n\n<p>RECORD-STORE<br>FRIED-RECORDS<br><a href=\"https:\/\/www.google.com\/maps\/place\/\/data=!4m2!3m1!1s0x47c5b700119b999d:0x9c9472ebd8cfa1df?sa=X&amp;ved=1t:8290&amp;ictx=111\">Boekhorststraat 191, 2512 CP Den Haag, Niederlande<\/a><\/p>\n\n\n\n<p><\/p>\n","protected":false},"excerpt":{"rendered":"<p>The desire to make records himself was overwhelming. So the SLOWBOY label was founded in 1999. Our aim is to distribute music that we like in the old-fashioned way \u2013 on vinyl. Since we like to look at records, we also put a lot of effort into the design and processing. In 2007-2016 we added &#8230; <a title=\"ABOUT\" class=\"read-more\" href=\"https:\/\/www.slowboyrecords.com\/?page_id=104\" aria-label=\"Mehr Informationen \u00fcber ABOUT\">Weiterlesen<\/a><\/p>\n","protected":false},"author":1,"featured_media":0,"parent":0,"menu_order":0,"comment_status":"closed","ping_status":"closed","template":"","meta":{"footnotes":""},"class_list":["post-104","page","type-page","status-publish"],"_links":{"self":[{"href":"https:\/\/www.slowboyrecords.com\/index.php?rest_route=\/wp\/v2\/pages\/104","targetHints":{"allow":["GET"]}}],"collection":[{"href":"https:\/\/www.slowboyrecords.com\/index.php?rest_route=\/wp\/v2\/pages"}],"about":[{"href":"https:\/\/www.slowboyrecords.com\/index.php?rest_route=\/wp\/v2\/types\/page"}],"author":[{"embeddable":true,"href":"https:\/\/www.slowboyrecords.com\/index.php?rest_route=\/wp\/v2\/users\/1"}],"replies":[{"embeddable":true,"href":"https:\/\/www.slowboyrecords.com\/index.php?rest_route=%2Fwp%2Fv2%2Fcomments&post=104"}],"version-history":[{"count":9,"href":"https:\/\/www.slowboyrecords.com\/index.php?rest_route=\/wp\/v2\/pages\/104\/revisions"}],"predecessor-version":[{"id":3019,"href":"https:\/\/www.slowboyrecords.com\/index.php?rest_route=\/wp\/v2\/pages\/104\/revisions\/3019"}],"wp:attachment":[{"href":"https:\/\/www.slowboyrecords.com\/index.php?rest_route=%2Fwp%2Fv2%2Fmedia&parent=104"}],"curies":[{"name":"wp","href":"https:\/\/api.w.org\/{rel}","templated":true}]}}